{"id":101796,"date":"2026-04-16T10:07:30","date_gmt":"2026-04-16T09:07:30","guid":{"rendered":"https:\/\/prevom.be\/signature-reglement-de-lexamen-vca\/"},"modified":"2026-04-16T11:02:29","modified_gmt":"2026-04-16T10:02:29","slug":"signature-reglement-de-lexamen-vca","status":"publish","type":"page","link":"https:\/\/prevom.be\/fr\/signature-reglement-de-lexamen-vca\/","title":{"rendered":"R\u00e8glement de l\u2019examen VCA"},"content":{"rendered":"\t\t<div data-elementor-type=\"wp-page\" data-elementor-id=\"101796\" class=\"elementor elementor-101796 elementor-101778\" data-elementor-post-type=\"page\">\n\t\t\t\t\t\t<section class=\"elementor-section elementor-top-section elementor-element elementor-element-deca27c elementor-section-boxed elementor-section-height-default elementor-section-height-default\" data-id=\"deca27c\" data-element_type=\"section\">\n\t\t\t\t\t\t<div class=\"elementor-container elementor-column-gap-default\">\n\t\t\t\t\t<div class=\"elementor-column elementor-col-100 elementor-top-column elementor-element elementor-element-3871861\" data-id=\"3871861\" data-element_type=\"column\">\n\t\t\t<div class=\"elementor-widget-wrap elementor-element-populated\">\n\t\t\t\t\t\t<div class=\"elementor-element elementor-element-0fb3699 elementor-widget elementor-widget-the7-heading\" data-id=\"0fb3699\" data-element_type=\"widget\" data-widget_type=\"the7-heading.default\">\n\t\t\t\t<div class=\"elementor-widget-container\">\n\t\t\t\t\t<h2 class=\"the7-heading-title elementor-size-default\">R\u00e8glement de l\u2019examen VCA<\/h2>\t\t\t\t<\/div>\n\t\t\t\t<\/div>\n\t\t\t\t\t<\/div>\n\t\t<\/div>\n\t\t\t\t\t<\/div>\n\t\t<\/section>\n\t\t\t\t<section class=\"elementor-section elementor-top-section elementor-element elementor-element-ea12742 elementor-section-boxed elementor-section-height-default elementor-section-height-default\" data-id=\"ea12742\" data-element_type=\"section\">\n\t\t\t\t\t\t<div class=\"elementor-container elementor-column-gap-default\">\n\t\t\t\t\t<div class=\"elementor-column elementor-col-100 elementor-top-column elementor-element elementor-element-50fe9ca\" data-id=\"50fe9ca\" data-element_type=\"column\">\n\t\t\t<div class=\"elementor-widget-wrap elementor-element-populated\">\n\t\t\t\t\t\t<div class=\"elementor-element elementor-element-505ddef elementor-widget elementor-widget-text-editor\" data-id=\"505ddef\" data-element_type=\"widget\" data-widget_type=\"text-editor.default\">\n\t\t\t\t<div class=\"elementor-widget-container\">\n\t\t\t\t\t\t\t\t\t<h3>Format d&rsquo;examen<\/h3><p>L\u2019examen VCA de base (B-VCA) consiste en un test de 40 questions. Dur\u00e9e de l\u2019examen : 1h00 maximum &#8211; Examen de lecture\u202f: 1h15 maximum. Avec un r\u00e9sultat de <strong>64,5%<\/strong> ou plus, l\u2019examen est r\u00e9ussi.  <\/p><p>L&rsquo;examen VCA pour cadres op\u00e9rationnels (VCA-SCO) et l\u2019examen pour les m\u00e9diateurs et les dirigeants d\u2019une entreprise de travail int\u00e9rimaire (SID-LSI) consistent en un test de 70 questions. Dur\u00e9e de l\u2019examen : 1h15 maximum. Avec un r\u00e9sultat de <strong>64,5%<\/strong> ou plus, l\u2019examen est r\u00e9ussi.  <\/p><p>Pendant l&rsquo;examen, Prevom peut faire appel \u00e0 une personne avec laquelle il existe un engagement contractuel. <br>Cette personne est uniquement autoris\u00e9e \u00e0 fournir des explications sur le r\u00e8glement de l&rsquo;examen et le d\u00e9roulement de celui-ci dans la langue du participant. <br>Elle est \u00e0 tout moment sous la supervision de l&rsquo;examinateur et ne fournit aucune autre forme d&rsquo;assistance ou d&rsquo;aide sur le contenu pendant l&rsquo;examen.  <\/p><h3>Conditions particuli\u00e8res<\/h3><p>L&rsquo;identit\u00e9 de chaque candidat est v\u00e9rifi\u00e9e au d\u00e9but de la session d&rsquo;examens. Sans pi\u00e8ce d&rsquo;identit\u00e9 valide, le candidat ne peut pas participer. Les r\u00e8gles suivantes s&rsquo;appliquent \u00e9galement:  <\/p><ul><li>Il est interdit de manger, de boire et de quitter la salle.<\/li><li>Les \u00e9couteurs, les lecteurs MP3\/MP4, les casquettes et les bonnets sont interdits.<\/li><li>Toute fraude ou influence indue entra\u00eene l&rsquo;exclusion et l&rsquo;annulation du dipl\u00f4me.<\/li><li>Les candidats qui arrivent en retard risquent d&rsquo;\u00eatre exclus de la s\u00e9lection.<\/li><\/ul><p>Lorsqu\u2019un candidat a satisfait aux exigences de l\u2019examen, ses donn\u00e9es seront enregistr\u00e9es dans le registre central des dipl\u00f4mes, sauf si le candidat indique sur ce formulaire, \u00e0 c\u00f4t\u00e9 de sa signature, qu\u2019il\/elle n\u2019est pas d\u2019accord<\/p><h3>Fournitures<\/h3><ul><li>un ordinateur<\/li><li>une carte d&rsquo;acc\u00e8s<\/li><li>un stylo \u00e0 bille<\/li><li>une pi\u00e8ce d\u2019identit\u00e9<\/li><\/ul><p>Rien d\u2019autre ne sera autoris\u00e9 sur la table.<\/p><h3>T\u00e9l\u00e9phones mobiles et appareils de communication<\/h3><p>Avant le d\u00e9but de l&rsquo;examen, tous les t\u00e9l\u00e9phones portables et appareils de communication <strong>doivent \u00eatre compl\u00e8tement \u00e9teints ou mis en mode avion<\/strong>. Les candidats ne sont pas autoris\u00e9s \u00e0 garder ces appareils sur la table ou \u00e0 port\u00e9e de main pendant l&rsquo;examen. <\/p><p>Il incombe au candidat de ranger son appareil dans <strong>un endroit s\u00fbr<\/strong> (par exemple, dans un sac personnel plac\u00e9 sur le c\u00f4t\u00e9 de la salle). Les candidats qui ne respectent pas ces instructions seront exclus de l&rsquo;examen. Le centre d&rsquo;examen ne garde pas les appareils mobiles et n&rsquo;est pas responsable en cas de perte ou de vol  <\/p><h3>D\u00e9roulement de l\u2019examen<\/h3><p>Le temps disponible est affich\u00e9 en haut \u00e0 droite de l\u2019\u00e9cran, indiquant le temps restant. Sur le c\u00f4t\u00e9 gauche de l&rsquo;\u00e9cran, vous verrez le nombre de questions de 1 \u00e0 40 (B-VCA) ou de 1 \u00e0 70 (VCA-SCO). Cliquez sur le bouton \u00ab\u202fsuivant\u202f\u00bb pour passer \u00e0 la question suivante. Pour r\u00e9pondre \u00e0 une question, cliquez sur le cercle\/carr\u00e9 en face de la r\u00e9ponse souhait\u00e9e. Certaines questions peuvent donner lieu \u00e0 des r\u00e9ponses multiples. Si vous souhaitez revenir \u00e0 une question et la modifier, vous pouvez le faire en cliquant sur le bouton \u00ab\u202fretour\u202f\u00bb. Lorsque l\u2019examen est termin\u00e9, le r\u00e9sultat ainsi que les mauvaises r\u00e9ponses s&rsquo;affichent.     <\/p><h3>A la fin de l\u2019examen<\/h3><p>Le r\u00e9sultat s&rsquo;affiche sur votre \u00e9cran, levez la main pour le communiquer \u00e0 l&rsquo;examinateur. Le candidat note le r\u00e9sultat sur le formulaire d&rsquo;admission et l\u2019examinateur vous demandera de le signer. Ce dernier appose \u00e9galement sa signature sur le formulaire d\u2019admission.  <\/p><h3>Suggestions, r\u00e9clamations et contestations<\/h3><p>Les suggestions, r\u00e9clamations et\/ou contestations peuvent \u00eatre formul\u00e9es au verso du formulaire d&rsquo;admission. Si vous souhaitez formuler une objection \u00e0 l&rsquo;examen, vous pouvez l\u2019\u00e9crire imm\u00e9diatement apr\u00e8s l&rsquo;examen. <\/p><h3>Certificat<\/h3><p>Le certificat ne sera d\u00e9livr\u00e9 qu&rsquo;apr\u00e8s paiement de la facture de l&rsquo;examen.<\/p><h3>Rattrapage d\u2019examen<\/h3><p>Les participants qui \u00e9chouent \u00e0 l&rsquo;examen auront la possibilit\u00e9 de le repasser lors de la prochaine session ouverte.<\/p><h3>Dipl\u00f4me : dur\u00e9e de validit\u00e9 \u2013 duplicate<\/h3><p>La dur\u00e9e de validit\u00e9 du dipl\u00f4me est de <strong>10 ans.<\/strong><\/p><p>Vous avez perdu votre certificat et vous souhaitez obtenir un duplicata ? Dans ce cas, veuillez envoyer un e-mail \u00e0 <a href=\"mailto:academy@prevom.be\">academy@prevom.be<\/a> en pr\u00e9cisant que le certificat a \u00e9t\u00e9 perdu. Le co\u00fbt du duplicata est de 30 euros (hors TVA).  <\/p><p>Vous souhaitez modifier vos donn\u00e9es personnelles apr\u00e8s le contr\u00f4le pr\u00e9vu pendant l&rsquo;examen ? Envoyez alors un e-mail \u00e0 <a href=\"mailto:academy@prevom.be\">academy@prevom.be<\/a> en mentionnant cette information et les donn\u00e9es correctes. Les frais de modification s&rsquo;\u00e9l\u00e8vent \u00e0 30 euros (hors TVA).  <\/p>\t\t\t\t\t\t\t\t<\/div>\n\t\t\t\t<\/div>\n\t\t\t\t\t<\/div>\n\t\t<\/div>\n\t\t\t\t\t<\/div>\n\t\t<\/section>\n\t\t\t\t<\/div>\n\t\t","protected":false},"excerpt":{"rendered":"<p>R\u00e8glement de l\u2019examen VCA Format d&rsquo;examen L\u2019examen VCA de base (B-VCA) consiste en un test de 40 questions. Dur\u00e9e de l\u2019examen : 1h00 maximum &#8211; Examen de lecture\u202f: 1h15 maximum. Avec un r\u00e9sultat de 64,5% ou plus, l\u2019examen est r\u00e9ussi. L&rsquo;examen VCA pour cadres op\u00e9rationnels (VCA-SCO) et l\u2019examen pour les m\u00e9diateurs et les dirigeants d\u2019une&hellip;<\/p>\n","protected":false},"author":8,"featured_media":0,"parent":0,"menu_order":0,"comment_status":"closed","ping_status":"closed","template":"","meta":{"inline_featured_image":false,"footnotes":""},"class_list":["post-101796","page","type-page","status-publish","hentry"],"yoast_head":"<!-- This site is optimized with the Yoast SEO plugin v27.3 - https:\/\/yoast.com\/product\/yoast-seo-wordpress\/ -->\n<title>R\u00e8glement de l\u2019examen VCA - Prevom<\/title>\n<meta name=\"robots\" content=\"index, follow, max-snippet:-1, max-image-preview:large, max-video-preview:-1\" \/>\n<link rel=\"canonical\" href=\"https:\/\/prevom.be\/fr\/signature-reglement-de-lexamen-vca\/\" \/>\n<meta property=\"og:locale\" content=\"fr_FR\" \/>\n<meta property=\"og:type\" content=\"article\" \/>\n<meta property=\"og:title\" content=\"R\u00e8glement de l\u2019examen VCA - Prevom\" \/>\n<meta property=\"og:description\" content=\"R\u00e8glement de l\u2019examen VCA Format d&rsquo;examen L\u2019examen VCA de base (B-VCA) consiste en un test de 40 questions. Dur\u00e9e de l\u2019examen : 1h00 maximum &#8211; Examen de lecture\u202f: 1h15 maximum. Avec un r\u00e9sultat de 64,5% ou plus, l\u2019examen est r\u00e9ussi. L&rsquo;examen VCA pour cadres op\u00e9rationnels (VCA-SCO) et l\u2019examen pour les m\u00e9diateurs et les dirigeants d\u2019une&hellip;\" \/>\n<meta property=\"og:url\" content=\"https:\/\/prevom.be\/fr\/signature-reglement-de-lexamen-vca\/\" \/>\n<meta property=\"og:site_name\" content=\"Prevom\" \/>\n<meta property=\"article:publisher\" content=\"https:\/\/www.facebook.com\/people\/Prevom\/100063074387029\/\" \/>\n<meta property=\"article:modified_time\" content=\"2026-04-16T10:02:29+00:00\" \/>\n<meta name=\"twitter:card\" content=\"summary_large_image\" \/>\n<meta name=\"twitter:label1\" content=\"Dur\u00e9e de lecture estim\u00e9e\" \/>\n\t<meta name=\"twitter:data1\" content=\"4 minutes\" \/>\n<script type=\"application\/ld+json\" class=\"yoast-schema-graph\">{\"@context\":\"https:\\\/\\\/schema.org\",\"@graph\":[{\"@type\":\"WebPage\",\"@id\":\"https:\\\/\\\/prevom.be\\\/fr\\\/signature-reglement-de-lexamen-vca\\\/\",\"url\":\"https:\\\/\\\/prevom.be\\\/fr\\\/signature-reglement-de-lexamen-vca\\\/\",\"name\":\"R\u00e8glement de l\u2019examen VCA - Prevom\",\"isPartOf\":{\"@id\":\"https:\\\/\\\/prevom.be\\\/#website\"},\"datePublished\":\"2026-04-16T09:07:30+00:00\",\"dateModified\":\"2026-04-16T10:02:29+00:00\",\"breadcrumb\":{\"@id\":\"https:\\\/\\\/prevom.be\\\/fr\\\/signature-reglement-de-lexamen-vca\\\/#breadcrumb\"},\"inLanguage\":\"fr-FR\",\"potentialAction\":[{\"@type\":\"ReadAction\",\"target\":[\"https:\\\/\\\/prevom.be\\\/fr\\\/signature-reglement-de-lexamen-vca\\\/\"]}]},{\"@type\":\"BreadcrumbList\",\"@id\":\"https:\\\/\\\/prevom.be\\\/fr\\\/signature-reglement-de-lexamen-vca\\\/#breadcrumb\",\"itemListElement\":[{\"@type\":\"ListItem\",\"position\":1,\"name\":\"Home\",\"item\":\"https:\\\/\\\/prevom.be\\\/\"},{\"@type\":\"ListItem\",\"position\":2,\"name\":\"R\u00e8glement de l\u2019examen VCA\"}]},{\"@type\":\"WebSite\",\"@id\":\"https:\\\/\\\/prevom.be\\\/#website\",\"url\":\"https:\\\/\\\/prevom.be\\\/\",\"name\":\"Prevom\",\"description\":\"Preventie, Milieu, Kwaliteit, Brandveiligheid en Opleidingen\",\"publisher\":{\"@id\":\"https:\\\/\\\/prevom.be\\\/#organization\"},\"potentialAction\":[{\"@type\":\"SearchAction\",\"target\":{\"@type\":\"EntryPoint\",\"urlTemplate\":\"https:\\\/\\\/prevom.be\\\/?s={search_term_string}\"},\"query-input\":{\"@type\":\"PropertyValueSpecification\",\"valueRequired\":true,\"valueName\":\"search_term_string\"}}],\"inLanguage\":\"fr-FR\"},{\"@type\":\"Organization\",\"@id\":\"https:\\\/\\\/prevom.be\\\/#organization\",\"name\":\"Prevom\",\"url\":\"https:\\\/\\\/prevom.be\\\/\",\"logo\":{\"@type\":\"ImageObject\",\"inLanguage\":\"fr-FR\",\"@id\":\"https:\\\/\\\/prevom.be\\\/#\\\/schema\\\/logo\\\/image\\\/\",\"url\":\"https:\\\/\\\/prevom.be\\\/wp-content\\\/uploads\\\/2020\\\/04\\\/web-logo-png-transparent-size-optimized.png\",\"contentUrl\":\"https:\\\/\\\/prevom.be\\\/wp-content\\\/uploads\\\/2020\\\/04\\\/web-logo-png-transparent-size-optimized.png\",\"width\":206,\"height\":64,\"caption\":\"Prevom\"},\"image\":{\"@id\":\"https:\\\/\\\/prevom.be\\\/#\\\/schema\\\/logo\\\/image\\\/\"},\"sameAs\":[\"https:\\\/\\\/www.facebook.com\\\/people\\\/Prevom\\\/100063074387029\\\/\",\"https:\\\/\\\/www.instagram.com\\\/Prevom_bv\\\/\"]}]}<\/script>\n<!-- \/ Yoast SEO plugin. -->","yoast_head_json":{"title":"R\u00e8glement de l\u2019examen VCA - Prevom","robots":{"index":"index","follow":"follow","max-snippet":"max-snippet:-1","max-image-preview":"max-image-preview:large","max-video-preview":"max-video-preview:-1"},"canonical":"https:\/\/prevom.be\/fr\/signature-reglement-de-lexamen-vca\/","og_locale":"fr_FR","og_type":"article","og_title":"R\u00e8glement de l\u2019examen VCA - Prevom","og_description":"R\u00e8glement de l\u2019examen VCA Format d&rsquo;examen L\u2019examen VCA de base (B-VCA) consiste en un test de 40 questions. Dur\u00e9e de l\u2019examen : 1h00 maximum &#8211; Examen de lecture\u202f: 1h15 maximum. Avec un r\u00e9sultat de 64,5% ou plus, l\u2019examen est r\u00e9ussi. L&rsquo;examen VCA pour cadres op\u00e9rationnels (VCA-SCO) et l\u2019examen pour les m\u00e9diateurs et les dirigeants d\u2019une&hellip;","og_url":"https:\/\/prevom.be\/fr\/signature-reglement-de-lexamen-vca\/","og_site_name":"Prevom","article_publisher":"https:\/\/www.facebook.com\/people\/Prevom\/100063074387029\/","article_modified_time":"2026-04-16T10:02:29+00:00","twitter_card":"summary_large_image","twitter_misc":{"Dur\u00e9e de lecture estim\u00e9e":"4 minutes"},"schema":{"@context":"https:\/\/schema.org","@graph":[{"@type":"WebPage","@id":"https:\/\/prevom.be\/fr\/signature-reglement-de-lexamen-vca\/","url":"https:\/\/prevom.be\/fr\/signature-reglement-de-lexamen-vca\/","name":"R\u00e8glement de l\u2019examen VCA - Prevom","isPartOf":{"@id":"https:\/\/prevom.be\/#website"},"datePublished":"2026-04-16T09:07:30+00:00","dateModified":"2026-04-16T10:02:29+00:00","breadcrumb":{"@id":"https:\/\/prevom.be\/fr\/signature-reglement-de-lexamen-vca\/#breadcrumb"},"inLanguage":"fr-FR","potentialAction":[{"@type":"ReadAction","target":["https:\/\/prevom.be\/fr\/signature-reglement-de-lexamen-vca\/"]}]},{"@type":"BreadcrumbList","@id":"https:\/\/prevom.be\/fr\/signature-reglement-de-lexamen-vca\/#breadcrumb","itemListElement":[{"@type":"ListItem","position":1,"name":"Home","item":"https:\/\/prevom.be\/"},{"@type":"ListItem","position":2,"name":"R\u00e8glement de l\u2019examen VCA"}]},{"@type":"WebSite","@id":"https:\/\/prevom.be\/#website","url":"https:\/\/prevom.be\/","name":"Prevom","description":"Preventie, Milieu, Kwaliteit, Brandveiligheid en Opleidingen","publisher":{"@id":"https:\/\/prevom.be\/#organization"},"potentialAction":[{"@type":"SearchAction","target":{"@type":"EntryPoint","urlTemplate":"https:\/\/prevom.be\/?s={search_term_string}"},"query-input":{"@type":"PropertyValueSpecification","valueRequired":true,"valueName":"search_term_string"}}],"inLanguage":"fr-FR"},{"@type":"Organization","@id":"https:\/\/prevom.be\/#organization","name":"Prevom","url":"https:\/\/prevom.be\/","logo":{"@type":"ImageObject","inLanguage":"fr-FR","@id":"https:\/\/prevom.be\/#\/schema\/logo\/image\/","url":"https:\/\/prevom.be\/wp-content\/uploads\/2020\/04\/web-logo-png-transparent-size-optimized.png","contentUrl":"https:\/\/prevom.be\/wp-content\/uploads\/2020\/04\/web-logo-png-transparent-size-optimized.png","width":206,"height":64,"caption":"Prevom"},"image":{"@id":"https:\/\/prevom.be\/#\/schema\/logo\/image\/"},"sameAs":["https:\/\/www.facebook.com\/people\/Prevom\/100063074387029\/","https:\/\/www.instagram.com\/Prevom_bv\/"]}]}},"_links":{"self":[{"href":"https:\/\/prevom.be\/fr\/wp-json\/wp\/v2\/pages\/101796","targetHints":{"allow":["GET"]}}],"collection":[{"href":"https:\/\/prevom.be\/fr\/wp-json\/wp\/v2\/pages"}],"about":[{"href":"https:\/\/prevom.be\/fr\/wp-json\/wp\/v2\/types\/page"}],"author":[{"embeddable":true,"href":"https:\/\/prevom.be\/fr\/wp-json\/wp\/v2\/users\/8"}],"replies":[{"embeddable":true,"href":"https:\/\/prevom.be\/fr\/wp-json\/wp\/v2\/comments?post=101796"}],"version-history":[{"count":3,"href":"https:\/\/prevom.be\/fr\/wp-json\/wp\/v2\/pages\/101796\/revisions"}],"predecessor-version":[{"id":101799,"href":"https:\/\/prevom.be\/fr\/wp-json\/wp\/v2\/pages\/101796\/revisions\/101799"}],"wp:attachment":[{"href":"https:\/\/prevom.be\/fr\/wp-json\/wp\/v2\/media?parent=101796"}],"curies":[{"name":"wp","href":"https:\/\/api.w.org\/{rel}","templated":true}]}}