{"id":101848,"date":"2026-04-24T12:44:25","date_gmt":"2026-04-24T11:44:25","guid":{"rendered":"https:\/\/prevom.be\/?page_id=101848"},"modified":"2026-04-24T12:58:46","modified_gmt":"2026-04-24T11:58:46","slug":"scan-environnemental","status":"publish","type":"page","link":"https:\/\/prevom.be\/fr\/scan-environnemental\/","title":{"rendered":"Scan environnemental"},"content":{"rendered":"\t\t<div data-elementor-type=\"wp-page\" data-elementor-id=\"101848\" class=\"elementor elementor-101848 elementor-101700\" data-elementor-post-type=\"page\">\n\t\t\t\t\t\t<section class=\"elementor-section elementor-top-section elementor-element elementor-element-a51dcec elementor-section-boxed elementor-section-height-default elementor-section-height-default\" data-id=\"a51dcec\" data-element_type=\"section\">\n\t\t\t\t\t\t<div class=\"elementor-container elementor-column-gap-default\">\n\t\t\t\t\t<div class=\"elementor-column elementor-col-100 elementor-top-column elementor-element elementor-element-f2252ec\" data-id=\"f2252ec\" data-element_type=\"column\">\n\t\t\t<div class=\"elementor-widget-wrap elementor-element-populated\">\n\t\t\t\t\t\t<div class=\"elementor-element elementor-element-edd8af4 elementor-widget elementor-widget-text-editor\" data-id=\"edd8af4\" data-element_type=\"widget\" data-widget_type=\"text-editor.default\">\n\t\t\t\t<div class=\"elementor-widget-container\">\n\t\t\t\t\t\t\t\t\t<h3><b><span data-contrast=\"auto\">Vous n&rsquo;\u00eates pas s\u00fbr que votre entreprise soit soumise \u00e0 une obligation de d\u00e9claration ou de permis ?<\/span><\/b><span data-ccp-props=\"{}\"> <\/span><\/h3><p><span data-contrast=\"auto\">Pour un grand nombre d&rsquo;activit\u00e9s commerciales, une obligation de d\u00e9claration ou de permis s&rsquo;applique. En fonction de la nature et de l&rsquo;impact de vos activit\u00e9s, votre entreprise est class\u00e9e dans une cat\u00e9gorie sp\u00e9cifique (1, 2 ou 3).  <\/span><span data-ccp-props=\"{}\"> <\/span><\/p><p><span data-contrast=\"auto\">Pour l&rsquo;exploitation d&rsquo;un \u00e9tablissement, une d\u00e9claration ou un permis valide et correct est indispensable \u2014 il constitue la base l\u00e9gale de l&rsquo;exploitation. Sans une telle autorisation, aucune activit\u00e9 class\u00e9e ne peut \u00eatre exerc\u00e9e. <\/span><span data-ccp-props=\"{}\"> <\/span><\/p><p>Vous n&rsquo;\u00eates plus qu&rsquo;\u00e0 une \u00e9tape de la clart\u00e9 concernant vos obligations l\u00e9gales en mati\u00e8re de permis, et nous nous occupons du reste.<\/p><ul><li>R\u00e9pondez \u00e0 un court questionnaire (max. 20 minutes)<\/li><li>Nos consultants analyseront votre situation<\/li><li>Vous recevrez un rapport clair et d\u00e9taill\u00e9 par e-mail<\/li><\/ul><p>Le scan environnemental est enti\u00e8rement gratuit et sans engagement, mais est uniquement applicable aux entreprises situ\u00e9es en R\u00e9gion flamande. <\/p><p><span data-ccp-props=\"{}\"> <\/span><\/p>\t\t\t\t\t\t\t\t<\/div>\n\t\t\t\t<\/div>\n\t\t\t\t\t<\/div>\n\t\t<\/div>\n\t\t\t\t\t<\/div>\n\t\t<\/section>\n\t\t\t\t<section class=\"elementor-section elementor-top-section elementor-element elementor-element-d137bb5 elementor-section-boxed elementor-section-height-default elementor-section-height-default\" data-id=\"d137bb5\" data-element_type=\"section\">\n\t\t\t\t\t\t<div class=\"elementor-container elementor-column-gap-default\">\n\t\t\t\t\t<div class=\"elementor-column elementor-col-100 elementor-top-column elementor-element elementor-element-4217767\" data-id=\"4217767\" data-element_type=\"column\">\n\t\t\t<div class=\"elementor-widget-wrap elementor-element-populated\">\n\t\t\t\t\t\t<div class=\"elementor-element elementor-element-18d7cd6 elementor-widget elementor-widget-html\" data-id=\"18d7cd6\" data-element_type=\"widget\" data-widget_type=\"html.default\">\n\t\t\t\t<div class=\"elementor-widget-container\">\n\t\t\t\t\t<iframe src=\"https:\/\/form.jotform.com\/260764573753062\" width=\"100%\" height=\"1000px\" frameborder=\"0\" scrolling=\"yes\" allow=\"geolocation; microphone; camera\" title=\"JotForm\">\r\n<\/iframe>\t\t\t\t<\/div>\n\t\t\t\t<\/div>\n\t\t\t\t\t<\/div>\n\t\t<\/div>\n\t\t\t\t\t<\/div>\n\t\t<\/section>\n\t\t\t\t<\/div>\n\t\t","protected":false},"excerpt":{"rendered":"<p>Vous n&rsquo;\u00eates pas s\u00fbr que votre entreprise soit soumise \u00e0 une obligation de d\u00e9claration ou de permis ? Pour un grand nombre d&rsquo;activit\u00e9s commerciales, une obligation de d\u00e9claration ou de permis s&rsquo;applique. En fonction de la nature et de l&rsquo;impact de vos activit\u00e9s, votre entreprise est class\u00e9e dans une cat\u00e9gorie sp\u00e9cifique (1, 2 ou 3).&hellip;<\/p>\n","protected":false},"author":8,"featured_media":0,"parent":0,"menu_order":0,"comment_status":"closed","ping_status":"closed","template":"","meta":{"inline_featured_image":false,"footnotes":""},"class_list":["post-101848","page","type-page","status-publish","hentry"],"yoast_head":"<!-- This site is optimized with the Yoast SEO plugin v27.3 - https:\/\/yoast.com\/product\/yoast-seo-wordpress\/ -->\n<title>Scan environnemental - Prevom<\/title>\n<meta name=\"robots\" content=\"index, follow, max-snippet:-1, max-image-preview:large, max-video-preview:-1\" \/>\n<link rel=\"canonical\" href=\"https:\/\/prevom.be\/milieuscan\/\" \/>\n<meta property=\"og:locale\" content=\"fr_FR\" \/>\n<meta property=\"og:type\" content=\"article\" \/>\n<meta property=\"og:title\" content=\"Scan environnemental - Prevom\" \/>\n<meta property=\"og:description\" content=\"Vous n&rsquo;\u00eates pas s\u00fbr que votre entreprise soit soumise \u00e0 une obligation de d\u00e9claration ou de permis ? Pour un grand nombre d&rsquo;activit\u00e9s commerciales, une obligation de d\u00e9claration ou de permis s&rsquo;applique. En fonction de la nature et de l&rsquo;impact de vos activit\u00e9s, votre entreprise est class\u00e9e dans une cat\u00e9gorie sp\u00e9cifique (1, 2 ou 3).&hellip;\" \/>\n<meta property=\"og:url\" content=\"https:\/\/prevom.be\/milieuscan\/\" \/>\n<meta property=\"og:site_name\" content=\"Prevom\" \/>\n<meta property=\"article:publisher\" content=\"https:\/\/www.facebook.com\/people\/Prevom\/100063074387029\/\" \/>\n<meta property=\"article:modified_time\" content=\"2026-04-24T11:58:46+00:00\" \/>\n<meta name=\"twitter:card\" content=\"summary_large_image\" \/>\n<meta name=\"twitter:label1\" content=\"Dur\u00e9e de lecture estim\u00e9e\" \/>\n\t<meta name=\"twitter:data1\" content=\"1 minute\" \/>\n<script type=\"application\/ld+json\" class=\"yoast-schema-graph\">{\"@context\":\"https:\\\/\\\/schema.org\",\"@graph\":[{\"@type\":\"WebPage\",\"@id\":\"https:\\\/\\\/prevom.be\\\/milieuscan\\\/\",\"url\":\"https:\\\/\\\/prevom.be\\\/milieuscan\\\/\",\"name\":\"Scan environnemental - Prevom\",\"isPartOf\":{\"@id\":\"https:\\\/\\\/prevom.be\\\/#website\"},\"datePublished\":\"2026-04-24T11:44:25+00:00\",\"dateModified\":\"2026-04-24T11:58:46+00:00\",\"breadcrumb\":{\"@id\":\"https:\\\/\\\/prevom.be\\\/milieuscan\\\/#breadcrumb\"},\"inLanguage\":\"fr-FR\",\"potentialAction\":[{\"@type\":\"ReadAction\",\"target\":[\"https:\\\/\\\/prevom.be\\\/milieuscan\\\/\"]}]},{\"@type\":\"BreadcrumbList\",\"@id\":\"https:\\\/\\\/prevom.be\\\/milieuscan\\\/#breadcrumb\",\"itemListElement\":[{\"@type\":\"ListItem\",\"position\":1,\"name\":\"Home\",\"item\":\"https:\\\/\\\/prevom.be\\\/\"},{\"@type\":\"ListItem\",\"position\":2,\"name\":\"Scan environnemental\"}]},{\"@type\":\"WebSite\",\"@id\":\"https:\\\/\\\/prevom.be\\\/#website\",\"url\":\"https:\\\/\\\/prevom.be\\\/\",\"name\":\"Prevom\",\"description\":\"Preventie, Milieu, Kwaliteit, Brandveiligheid en Opleidingen\",\"publisher\":{\"@id\":\"https:\\\/\\\/prevom.be\\\/#organization\"},\"potentialAction\":[{\"@type\":\"SearchAction\",\"target\":{\"@type\":\"EntryPoint\",\"urlTemplate\":\"https:\\\/\\\/prevom.be\\\/?s={search_term_string}\"},\"query-input\":{\"@type\":\"PropertyValueSpecification\",\"valueRequired\":true,\"valueName\":\"search_term_string\"}}],\"inLanguage\":\"fr-FR\"},{\"@type\":\"Organization\",\"@id\":\"https:\\\/\\\/prevom.be\\\/#organization\",\"name\":\"Prevom\",\"url\":\"https:\\\/\\\/prevom.be\\\/\",\"logo\":{\"@type\":\"ImageObject\",\"inLanguage\":\"fr-FR\",\"@id\":\"https:\\\/\\\/prevom.be\\\/#\\\/schema\\\/logo\\\/image\\\/\",\"url\":\"https:\\\/\\\/prevom.be\\\/wp-content\\\/uploads\\\/2020\\\/04\\\/web-logo-png-transparent-size-optimized.png\",\"contentUrl\":\"https:\\\/\\\/prevom.be\\\/wp-content\\\/uploads\\\/2020\\\/04\\\/web-logo-png-transparent-size-optimized.png\",\"width\":206,\"height\":64,\"caption\":\"Prevom\"},\"image\":{\"@id\":\"https:\\\/\\\/prevom.be\\\/#\\\/schema\\\/logo\\\/image\\\/\"},\"sameAs\":[\"https:\\\/\\\/www.facebook.com\\\/people\\\/Prevom\\\/100063074387029\\\/\",\"https:\\\/\\\/www.instagram.com\\\/Prevom_bv\\\/\"]}]}<\/script>\n<!-- \/ Yoast SEO plugin. -->","yoast_head_json":{"title":"Scan environnemental - Prevom","robots":{"index":"index","follow":"follow","max-snippet":"max-snippet:-1","max-image-preview":"max-image-preview:large","max-video-preview":"max-video-preview:-1"},"canonical":"https:\/\/prevom.be\/milieuscan\/","og_locale":"fr_FR","og_type":"article","og_title":"Scan environnemental - Prevom","og_description":"Vous n&rsquo;\u00eates pas s\u00fbr que votre entreprise soit soumise \u00e0 une obligation de d\u00e9claration ou de permis ? Pour un grand nombre d&rsquo;activit\u00e9s commerciales, une obligation de d\u00e9claration ou de permis s&rsquo;applique. En fonction de la nature et de l&rsquo;impact de vos activit\u00e9s, votre entreprise est class\u00e9e dans une cat\u00e9gorie sp\u00e9cifique (1, 2 ou 3).&hellip;","og_url":"https:\/\/prevom.be\/milieuscan\/","og_site_name":"Prevom","article_publisher":"https:\/\/www.facebook.com\/people\/Prevom\/100063074387029\/","article_modified_time":"2026-04-24T11:58:46+00:00","twitter_card":"summary_large_image","twitter_misc":{"Dur\u00e9e de lecture estim\u00e9e":"1 minute"},"schema":{"@context":"https:\/\/schema.org","@graph":[{"@type":"WebPage","@id":"https:\/\/prevom.be\/milieuscan\/","url":"https:\/\/prevom.be\/milieuscan\/","name":"Scan environnemental - Prevom","isPartOf":{"@id":"https:\/\/prevom.be\/#website"},"datePublished":"2026-04-24T11:44:25+00:00","dateModified":"2026-04-24T11:58:46+00:00","breadcrumb":{"@id":"https:\/\/prevom.be\/milieuscan\/#breadcrumb"},"inLanguage":"fr-FR","potentialAction":[{"@type":"ReadAction","target":["https:\/\/prevom.be\/milieuscan\/"]}]},{"@type":"BreadcrumbList","@id":"https:\/\/prevom.be\/milieuscan\/#breadcrumb","itemListElement":[{"@type":"ListItem","position":1,"name":"Home","item":"https:\/\/prevom.be\/"},{"@type":"ListItem","position":2,"name":"Scan environnemental"}]},{"@type":"WebSite","@id":"https:\/\/prevom.be\/#website","url":"https:\/\/prevom.be\/","name":"Prevom","description":"Preventie, Milieu, Kwaliteit, Brandveiligheid en Opleidingen","publisher":{"@id":"https:\/\/prevom.be\/#organization"},"potentialAction":[{"@type":"SearchAction","target":{"@type":"EntryPoint","urlTemplate":"https:\/\/prevom.be\/?s={search_term_string}"},"query-input":{"@type":"PropertyValueSpecification","valueRequired":true,"valueName":"search_term_string"}}],"inLanguage":"fr-FR"},{"@type":"Organization","@id":"https:\/\/prevom.be\/#organization","name":"Prevom","url":"https:\/\/prevom.be\/","logo":{"@type":"ImageObject","inLanguage":"fr-FR","@id":"https:\/\/prevom.be\/#\/schema\/logo\/image\/","url":"https:\/\/prevom.be\/wp-content\/uploads\/2020\/04\/web-logo-png-transparent-size-optimized.png","contentUrl":"https:\/\/prevom.be\/wp-content\/uploads\/2020\/04\/web-logo-png-transparent-size-optimized.png","width":206,"height":64,"caption":"Prevom"},"image":{"@id":"https:\/\/prevom.be\/#\/schema\/logo\/image\/"},"sameAs":["https:\/\/www.facebook.com\/people\/Prevom\/100063074387029\/","https:\/\/www.instagram.com\/Prevom_bv\/"]}]}},"_links":{"self":[{"href":"https:\/\/prevom.be\/fr\/wp-json\/wp\/v2\/pages\/101848","targetHints":{"allow":["GET"]}}],"collection":[{"href":"https:\/\/prevom.be\/fr\/wp-json\/wp\/v2\/pages"}],"about":[{"href":"https:\/\/prevom.be\/fr\/wp-json\/wp\/v2\/types\/page"}],"author":[{"embeddable":true,"href":"https:\/\/prevom.be\/fr\/wp-json\/wp\/v2\/users\/8"}],"replies":[{"embeddable":true,"href":"https:\/\/prevom.be\/fr\/wp-json\/wp\/v2\/comments?post=101848"}],"version-history":[{"count":3,"href":"https:\/\/prevom.be\/fr\/wp-json\/wp\/v2\/pages\/101848\/revisions"}],"predecessor-version":[{"id":101859,"href":"https:\/\/prevom.be\/fr\/wp-json\/wp\/v2\/pages\/101848\/revisions\/101859"}],"wp:attachment":[{"href":"https:\/\/prevom.be\/fr\/wp-json\/wp\/v2\/media?parent=101848"}],"curies":[{"name":"wp","href":"https:\/\/api.w.org\/{rel}","templated":true}]}}